{"id":21,"date":"2024-09-15T20:31:50","date_gmt":"2024-09-15T20:31:50","guid":{"rendered":"https:\/\/web.lechuzascelestes.com\/?page_id=21"},"modified":"2025-06-26T22:07:25","modified_gmt":"2025-06-26T22:07:25","slug":"tenda","status":"publish","type":"page","link":"https:\/\/lechuzascelestes.com\/?page_id=21","title":{"rendered":"Lechu-Tenda"},"content":{"rendered":"\t\t<div data-elementor-type=\"wp-page\" data-elementor-id=\"21\" class=\"elementor elementor-21\">\n\t\t\t\t<div class=\"elementor-element elementor-element-61d4d83 e-flex e-con-boxed e-con e-parent\" data-id=\"61d4d83\" data-element_type=\"container\">\n\t\t\t\t\t<div class=\"e-con-inner\">\n\t\t\t\t<div class=\"elementor-element elementor-element-921eafa elementor-widget elementor-widget-text-editor\" data-id=\"921eafa\" data-element_type=\"widget\" data-widget_type=\"text-editor.default\">\n\t\t\t\t<div class=\"elementor-widget-container\">\n\t\t\t\t\t\t\t\t\t<p><strong>Le-Chuzas<\/strong> dispo\u00f1emos de material oficial propio \u00e1 venda. Se tes interese en adquirir alg\u00fan dos nosos produtos, dir\u00edxete a trav\u00e9s de calquera dos nosos medios de comunicaci\u00f3n oficiais e <a href=\"https:\/\/web.lechuzascelestes.com\/contacto\/\">contacta<\/a>. <strong>Ou ach\u00e9gate \u00e1 nosa sede.<\/strong><\/p>\t\t\t\t\t\t\t\t<\/div>\n\t\t\t\t<\/div>\n\t\t\t\t\t<\/div>\n\t\t\t\t<\/div>\n\t\t\t\t<\/div>\n\t\t","protected":false},"excerpt":{"rendered":"<p>Le-Chuzas dispo\u00f1emos de material oficial propio \u00e1 venda. Se tes interese en adquirir alg\u00fan dos nosos produtos, dir\u00edxete a trav\u00e9s de calquera dos nosos medios de comunicaci\u00f3n oficiais e contacta.&hellip;<\/p>\n","protected":false},"author":1,"featured_media":0,"parent":0,"menu_order":0,"comment_status":"closed","ping_status":"closed","template":"","meta":{"footnotes":""},"class_list":["post-21","page","type-page","status-publish","hentry"],"yoast_head":"<!-- This site is optimized with the Yoast SEO plugin v26.4 - https:\/\/yoast.com\/wordpress\/plugins\/seo\/ -->\n<title>Lechu-Tenda - Lechuzas Celestes<\/title>\n<meta name=\"robots\" content=\"index, follow, max-snippet:-1, max-image-preview:large, max-video-preview:-1\" \/>\n<link rel=\"canonical\" href=\"https:\/\/lechuzascelestes.com\/?page_id=21\" \/>\n<meta property=\"og:locale\" content=\"gl_ES\" \/>\n<meta property=\"og:type\" content=\"article\" \/>\n<meta property=\"og:title\" content=\"Lechu-Tenda - Lechuzas Celestes\" \/>\n<meta property=\"og:description\" content=\"Le-Chuzas dispo\u00f1emos de material oficial propio \u00e1 venda. Se tes interese en adquirir alg\u00fan dos nosos produtos, dir\u00edxete a trav\u00e9s de calquera dos nosos medios de comunicaci\u00f3n oficiais e contacta.&hellip;\" \/>\n<meta property=\"og:url\" content=\"https:\/\/lechuzascelestes.com\/?page_id=21\" \/>\n<meta property=\"og:site_name\" content=\"Lechuzas Celestes\" \/>\n<meta property=\"article:modified_time\" content=\"2025-06-26T22:07:25+00:00\" \/>\n<meta name=\"twitter:card\" content=\"summary_large_image\" \/>\n<meta name=\"twitter:label1\" content=\"Tempo de lectura\" \/>\n\t<meta name=\"twitter:data1\" content=\"1 minuto\" \/>\n<script type=\"application\/ld+json\" class=\"yoast-schema-graph\">{\"@context\":\"https:\/\/schema.org\",\"@graph\":[{\"@type\":\"WebPage\",\"@id\":\"https:\/\/lechuzascelestes.com\/?page_id=21\",\"url\":\"https:\/\/lechuzascelestes.com\/?page_id=21\",\"name\":\"Lechu-Tenda - Lechuzas Celestes\",\"isPartOf\":{\"@id\":\"https:\/\/lechuzascelestes.com\/#website\"},\"datePublished\":\"2024-09-15T20:31:50+00:00\",\"dateModified\":\"2025-06-26T22:07:25+00:00\",\"breadcrumb\":{\"@id\":\"https:\/\/lechuzascelestes.com\/?page_id=21#breadcrumb\"},\"inLanguage\":\"gl-ES\",\"potentialAction\":[{\"@type\":\"ReadAction\",\"target\":[\"https:\/\/lechuzascelestes.com\/?page_id=21\"]}]},{\"@type\":\"BreadcrumbList\",\"@id\":\"https:\/\/lechuzascelestes.com\/?page_id=21#breadcrumb\",\"itemListElement\":[{\"@type\":\"ListItem\",\"position\":1,\"name\":\"Inicio\",\"item\":\"https:\/\/lechuzascelestes.com\/\"},{\"@type\":\"ListItem\",\"position\":2,\"name\":\"Lechu-Tenda\"}]},{\"@type\":\"WebSite\",\"@id\":\"https:\/\/lechuzascelestes.com\/#website\",\"url\":\"https:\/\/lechuzascelestes.com\/\",\"name\":\"Lechuzas Celestes\",\"description\":\"\",\"publisher\":{\"@id\":\"https:\/\/lechuzascelestes.com\/#organization\"},\"potentialAction\":[{\"@type\":\"SearchAction\",\"target\":{\"@type\":\"EntryPoint\",\"urlTemplate\":\"https:\/\/lechuzascelestes.com\/?s={search_term_string}\"},\"query-input\":{\"@type\":\"PropertyValueSpecification\",\"valueRequired\":true,\"valueName\":\"search_term_string\"}}],\"inLanguage\":\"gl-ES\"},{\"@type\":\"Organization\",\"@id\":\"https:\/\/lechuzascelestes.com\/#organization\",\"name\":\"Lechuzas Celestes\",\"url\":\"https:\/\/lechuzascelestes.com\/\",\"logo\":{\"@type\":\"ImageObject\",\"inLanguage\":\"gl-ES\",\"@id\":\"https:\/\/lechuzascelestes.com\/#\/schema\/logo\/image\/\",\"url\":\"https:\/\/lechuzascelestes.com\/wp-content\/uploads\/2024\/10\/cropped-logo.png\",\"contentUrl\":\"https:\/\/lechuzascelestes.com\/wp-content\/uploads\/2024\/10\/cropped-logo.png\",\"width\":2071,\"height\":415,\"caption\":\"Lechuzas Celestes\"},\"image\":{\"@id\":\"https:\/\/lechuzascelestes.com\/#\/schema\/logo\/image\/\"}}]}<\/script>\n<!-- \/ Yoast SEO plugin. -->","yoast_head_json":{"title":"Lechu-Tenda - Lechuzas Celestes","robots":{"index":"index","follow":"follow","max-snippet":"max-snippet:-1","max-image-preview":"max-image-preview:large","max-video-preview":"max-video-preview:-1"},"canonical":"https:\/\/lechuzascelestes.com\/?page_id=21","og_locale":"gl_ES","og_type":"article","og_title":"Lechu-Tenda - Lechuzas Celestes","og_description":"Le-Chuzas dispo\u00f1emos de material oficial propio \u00e1 venda. Se tes interese en adquirir alg\u00fan dos nosos produtos, dir\u00edxete a trav\u00e9s de calquera dos nosos medios de comunicaci\u00f3n oficiais e contacta.&hellip;","og_url":"https:\/\/lechuzascelestes.com\/?page_id=21","og_site_name":"Lechuzas Celestes","article_modified_time":"2025-06-26T22:07:25+00:00","twitter_card":"summary_large_image","twitter_misc":{"Tempo de lectura":"1 minuto"},"schema":{"@context":"https:\/\/schema.org","@graph":[{"@type":"WebPage","@id":"https:\/\/lechuzascelestes.com\/?page_id=21","url":"https:\/\/lechuzascelestes.com\/?page_id=21","name":"Lechu-Tenda - Lechuzas Celestes","isPartOf":{"@id":"https:\/\/lechuzascelestes.com\/#website"},"datePublished":"2024-09-15T20:31:50+00:00","dateModified":"2025-06-26T22:07:25+00:00","breadcrumb":{"@id":"https:\/\/lechuzascelestes.com\/?page_id=21#breadcrumb"},"inLanguage":"gl-ES","potentialAction":[{"@type":"ReadAction","target":["https:\/\/lechuzascelestes.com\/?page_id=21"]}]},{"@type":"BreadcrumbList","@id":"https:\/\/lechuzascelestes.com\/?page_id=21#breadcrumb","itemListElement":[{"@type":"ListItem","position":1,"name":"Inicio","item":"https:\/\/lechuzascelestes.com\/"},{"@type":"ListItem","position":2,"name":"Lechu-Tenda"}]},{"@type":"WebSite","@id":"https:\/\/lechuzascelestes.com\/#website","url":"https:\/\/lechuzascelestes.com\/","name":"Lechuzas Celestes","description":"","publisher":{"@id":"https:\/\/lechuzascelestes.com\/#organization"},"potentialAction":[{"@type":"SearchAction","target":{"@type":"EntryPoint","urlTemplate":"https:\/\/lechuzascelestes.com\/?s={search_term_string}"},"query-input":{"@type":"PropertyValueSpecification","valueRequired":true,"valueName":"search_term_string"}}],"inLanguage":"gl-ES"},{"@type":"Organization","@id":"https:\/\/lechuzascelestes.com\/#organization","name":"Lechuzas Celestes","url":"https:\/\/lechuzascelestes.com\/","logo":{"@type":"ImageObject","inLanguage":"gl-ES","@id":"https:\/\/lechuzascelestes.com\/#\/schema\/logo\/image\/","url":"https:\/\/lechuzascelestes.com\/wp-content\/uploads\/2024\/10\/cropped-logo.png","contentUrl":"https:\/\/lechuzascelestes.com\/wp-content\/uploads\/2024\/10\/cropped-logo.png","width":2071,"height":415,"caption":"Lechuzas Celestes"},"image":{"@id":"https:\/\/lechuzascelestes.com\/#\/schema\/logo\/image\/"}}]}},"jetpack_sharing_enabled":true,"_links":{"self":[{"href":"https:\/\/lechuzascelestes.com\/index.php?rest_route=\/wp\/v2\/pages\/21","targetHints":{"allow":["GET"]}}],"collection":[{"href":"https:\/\/lechuzascelestes.com\/index.php?rest_route=\/wp\/v2\/pages"}],"about":[{"href":"https:\/\/lechuzascelestes.com\/index.php?rest_route=\/wp\/v2\/types\/page"}],"author":[{"embeddable":true,"href":"https:\/\/lechuzascelestes.com\/index.php?rest_route=\/wp\/v2\/users\/1"}],"replies":[{"embeddable":true,"href":"https:\/\/lechuzascelestes.com\/index.php?rest_route=%2Fwp%2Fv2%2Fcomments&post=21"}],"version-history":[{"count":8,"href":"https:\/\/lechuzascelestes.com\/index.php?rest_route=\/wp\/v2\/pages\/21\/revisions"}],"predecessor-version":[{"id":291,"href":"https:\/\/lechuzascelestes.com\/index.php?rest_route=\/wp\/v2\/pages\/21\/revisions\/291"}],"wp:attachment":[{"href":"https:\/\/lechuzascelestes.com\/index.php?rest_route=%2Fwp%2Fv2%2Fmedia&parent=21"}],"curies":[{"name":"wp","href":"https:\/\/api.w.org\/{rel}","templated":true}]}}