{"id":23,"date":"2024-09-15T20:32:07","date_gmt":"2024-09-15T20:32:07","guid":{"rendered":"https:\/\/web.lechuzascelestes.com\/?page_id=23"},"modified":"2025-06-30T16:38:08","modified_gmt":"2025-06-30T16:38:08","slug":"contacto","status":"publish","type":"page","link":"https:\/\/lechuzascelestes.com\/?page_id=23","title":{"rendered":"Contacto"},"content":{"rendered":"\n<h2 class=\"wp-block-heading\">\ud83c\udf19 Estamos eiqu\u00ed<\/h2>\n\n\n\n<p><br>Tes unha idea, unha d\u00fabida ou simplemente queres dicir ola que ase?<br>En Le-Chuzas Celestes escoit\u00e1moste con \u00e1s abertas \ud83e\udd89\ud83d\udcab<\/p>\n\n\n\n<p>\ud83d\udcec Correo: <a href=\"mailto:lechuzascelestes@gmail.com\">lechuzascelestes@gmail.com<\/a><br>\ud83d\udcf1 WhatsApp \/ Telegram: <a href=\"tel:+34657080328\">657 080 328<\/a><\/p>\n\n\n\n<p>Tam\u00e9n podes cubrir o formulario e contestar\u00e9mosche axi\u00f1a:<\/p>\n\n\n\n<hr class=\"wp-block-separator has-text-color has-cyan-bluish-gray-color has-alpha-channel-opacity has-cyan-bluish-gray-background-color has-background is-style-wide\"\/>\n\n\n\n<div class=\"forminator-guttenberg\"><div class=\"forminator-ui forminator-custom-form forminator-custom-form-269 forminator-design--basic  forminator_ajax\" data-forminator-render=\"0\" data-form=\"forminator-module-269\" data-uid=\"69d1f5d116444\"><br\/><\/div><form\n\t\t\t\tid=\"forminator-module-269\"\n\t\t\t\tclass=\"forminator-ui forminator-custom-form forminator-custom-form-269 forminator-design--basic  forminator_ajax\"\n\t\t\t\tmethod=\"post\"\n\t\t\t\tdata-forminator-render=\"0\"\n\t\t\t\tdata-form-id=\"269\"\n\t\t\t\t data-color-option=\"theme\" data-design=\"basic\" data-grid=\"open\" style=\"display: none;\"\n\t\t\t\tdata-uid=\"69d1f5d116444\"\n\t\t\t><div role=\"alert\" aria-live=\"polite\" class=\"forminator-response-message forminator-error\" aria-hidden=\"true\"><\/div><div class=\"forminator-row\"><div id=\"name-1\" class=\"forminator-field-name forminator-col forminator-col-12 \"><div class=\"forminator-field\"><label for=\"forminator-field-name-1_69d1f5d116444\" id=\"forminator-field-name-1_69d1f5d116444-label\" class=\"forminator-label\">Nome <span class=\"forminator-required\">*<\/span><\/label><input type=\"text\" name=\"name-1\" value=\"\" placeholder=\"\" id=\"forminator-field-name-1_69d1f5d116444\" class=\"forminator-input forminator-name--field\" aria-required=\"true\" autocomplete=\"name\" \/><\/div><\/div><\/div><div class=\"forminator-row\"><div id=\"email-1\" class=\"forminator-field-email forminator-col forminator-col-12 \"><div class=\"forminator-field\"><label for=\"forminator-field-email-1_69d1f5d116444\" id=\"forminator-field-email-1_69d1f5d116444-label\" class=\"forminator-label\">Email <span class=\"forminator-required\">*<\/span><\/label><input type=\"email\" name=\"email-1\" value=\"\" placeholder=\"\" id=\"forminator-field-email-1_69d1f5d116444\" class=\"forminator-input forminator-email--field\" data-required=\"true\" aria-required=\"true\" autocomplete=\"email\" \/><\/div><\/div><\/div><div class=\"forminator-row\"><div id=\"text-1\" class=\"forminator-field-text forminator-col forminator-col-12 \"><div class=\"forminator-field\"><label for=\"forminator-field-text-1_69d1f5d116444\" id=\"forminator-field-text-1_69d1f5d116444-label\" class=\"forminator-label\">Asunto <span class=\"forminator-required\">*<\/span><\/label><input type=\"text\" name=\"text-1\" value=\"\" placeholder=\"\" id=\"forminator-field-text-1_69d1f5d116444\" class=\"forminator-input forminator-name--field\" data-required=\"1\" \/><\/div><\/div><\/div><div class=\"forminator-row\"><div id=\"textarea-1\" class=\"forminator-field-textarea forminator-col forminator-col-12 \"><div class=\"forminator-field\"><label for=\"forminator-field-textarea-1_69d1f5d116444\" id=\"forminator-field-textarea-1_69d1f5d116444-label\" class=\"forminator-label\">Mensaxe <span class=\"forminator-required\">*<\/span><\/label><span id=\"forminator-field-textarea-1_69d1f5d116444-description\" class=\"forminator-description\"><span data-limit=\"1000\" data-type=\"characters\" data-editor=\"\">0 \/ 1000<\/span><\/span><textarea name=\"textarea-1\" placeholder=\"\" id=\"forminator-field-textarea-1_69d1f5d116444\" class=\"forminator-textarea\" rows=\"6\" style=\"min-height:140px;\" maxlength=\"1000\" ><\/textarea><\/div><\/div><\/div><div class=\"forminator-row\"><div id=\"captcha-1\" class=\"forminator-field-captcha forminator-col forminator-col-12 \"><div class=\"forminator-captcha-left forminator-g-recaptcha recaptcha-invisible\" data-theme=\"light\" data-badge=\"bottomright\" data-sitekey=\"6LfVN_kZAAAAAGOMIOKE_ByZ4QqNA_0untqNPPLW\" data-size=\"invisible\"><\/div> <\/div><\/div><input type=\"hidden\" name=\"referer_url\" value=\"\" \/><div class=\"forminator-row forminator-row-last\"><div class=\"forminator-col\"><div class=\"forminator-field\"><button class=\"forminator-button forminator-button-submit border-radius\">Enviar<\/button><\/div><\/div><\/div><input type=\"hidden\" id=\"forminator_nonce\" name=\"forminator_nonce\" value=\"07e21dc9b6\" \/><input type=\"hidden\" name=\"_wp_http_referer\" value=\"\/index.php?rest_route=%2Fwp%2Fv2%2Fpages%2F23\" \/><input type=\"hidden\" name=\"form_id\" value=\"269\"><input type=\"hidden\" name=\"page_id\" value=\"23\"><input type=\"hidden\" name=\"form_type\" value=\"default\"><input type=\"hidden\" name=\"current_url\" value=\"https:\/\/lechuzascelestes.com\/?page_id=23\"><input type=\"hidden\" name=\"render_id\" value=\"0\"><input type=\"hidden\" name=\"action\" value=\"forminator_submit_form_custom-forms\"><\/form><\/div>\n\n\n\n<p>\u2728 Cada mensaxe pode ser o comezo dun voo novo.<br>Estamos eiqu\u00ed, sempre.<\/p>\n\n\n\n<p><\/p>\n","protected":false},"excerpt":{"rendered":"<p>\ud83c\udf19 Estamos eiqu\u00ed Tes unha idea, unha d\u00fabida ou simplemente queres dicir ola que ase?En Le-Chuzas Celestes escoit\u00e1moste con \u00e1s abertas \ud83e\udd89\ud83d\udcab \ud83d\udcec Correo: lechuzascelestes@gmail.com\ud83d\udcf1 WhatsApp \/ Telegram: 657 080&hellip;<\/p>\n","protected":false},"author":1,"featured_media":0,"parent":0,"menu_order":0,"comment_status":"closed","ping_status":"closed","template":"","meta":{"footnotes":""},"class_list":["post-23","page","type-page","status-publish","hentry"],"yoast_head":"<!-- This site is optimized with the Yoast SEO plugin v26.4 - https:\/\/yoast.com\/wordpress\/plugins\/seo\/ -->\n<title>Contacto - Lechuzas Celestes<\/title>\n<meta name=\"robots\" content=\"index, follow, max-snippet:-1, max-image-preview:large, max-video-preview:-1\" \/>\n<link rel=\"canonical\" href=\"https:\/\/lechuzascelestes.com\/?page_id=23\" \/>\n<meta property=\"og:locale\" content=\"gl_ES\" \/>\n<meta property=\"og:type\" content=\"article\" \/>\n<meta property=\"og:title\" content=\"Contacto - Lechuzas Celestes\" \/>\n<meta property=\"og:description\" content=\"\ud83c\udf19 Estamos eiqu\u00ed Tes unha idea, unha d\u00fabida ou simplemente queres dicir ola que ase?En Le-Chuzas Celestes escoit\u00e1moste con \u00e1s abertas \ud83e\udd89\ud83d\udcab \ud83d\udcec Correo: lechuzascelestes@gmail.com\ud83d\udcf1 WhatsApp \/ Telegram: 657 080&hellip;\" \/>\n<meta property=\"og:url\" content=\"https:\/\/lechuzascelestes.com\/?page_id=23\" \/>\n<meta property=\"og:site_name\" content=\"Lechuzas Celestes\" \/>\n<meta property=\"article:modified_time\" content=\"2025-06-30T16:38:08+00:00\" \/>\n<meta name=\"twitter:card\" content=\"summary_large_image\" \/>\n<meta name=\"twitter:label1\" content=\"Tempo de lectura\" \/>\n\t<meta name=\"twitter:data1\" content=\"1 minuto\" \/>\n<script type=\"application\/ld+json\" class=\"yoast-schema-graph\">{\"@context\":\"https:\/\/schema.org\",\"@graph\":[{\"@type\":\"WebPage\",\"@id\":\"https:\/\/lechuzascelestes.com\/?page_id=23\",\"url\":\"https:\/\/lechuzascelestes.com\/?page_id=23\",\"name\":\"Contacto - Lechuzas Celestes\",\"isPartOf\":{\"@id\":\"https:\/\/lechuzascelestes.com\/#website\"},\"datePublished\":\"2024-09-15T20:32:07+00:00\",\"dateModified\":\"2025-06-30T16:38:08+00:00\",\"breadcrumb\":{\"@id\":\"https:\/\/lechuzascelestes.com\/?page_id=23#breadcrumb\"},\"inLanguage\":\"gl-ES\",\"potentialAction\":[{\"@type\":\"ReadAction\",\"target\":[\"https:\/\/lechuzascelestes.com\/?page_id=23\"]}]},{\"@type\":\"BreadcrumbList\",\"@id\":\"https:\/\/lechuzascelestes.com\/?page_id=23#breadcrumb\",\"itemListElement\":[{\"@type\":\"ListItem\",\"position\":1,\"name\":\"Inicio\",\"item\":\"https:\/\/lechuzascelestes.com\/\"},{\"@type\":\"ListItem\",\"position\":2,\"name\":\"Contacto\"}]},{\"@type\":\"WebSite\",\"@id\":\"https:\/\/lechuzascelestes.com\/#website\",\"url\":\"https:\/\/lechuzascelestes.com\/\",\"name\":\"Lechuzas Celestes\",\"description\":\"\",\"publisher\":{\"@id\":\"https:\/\/lechuzascelestes.com\/#organization\"},\"potentialAction\":[{\"@type\":\"SearchAction\",\"target\":{\"@type\":\"EntryPoint\",\"urlTemplate\":\"https:\/\/lechuzascelestes.com\/?s={search_term_string}\"},\"query-input\":{\"@type\":\"PropertyValueSpecification\",\"valueRequired\":true,\"valueName\":\"search_term_string\"}}],\"inLanguage\":\"gl-ES\"},{\"@type\":\"Organization\",\"@id\":\"https:\/\/lechuzascelestes.com\/#organization\",\"name\":\"Lechuzas Celestes\",\"url\":\"https:\/\/lechuzascelestes.com\/\",\"logo\":{\"@type\":\"ImageObject\",\"inLanguage\":\"gl-ES\",\"@id\":\"https:\/\/lechuzascelestes.com\/#\/schema\/logo\/image\/\",\"url\":\"https:\/\/lechuzascelestes.com\/wp-content\/uploads\/2024\/10\/cropped-logo.png\",\"contentUrl\":\"https:\/\/lechuzascelestes.com\/wp-content\/uploads\/2024\/10\/cropped-logo.png\",\"width\":2071,\"height\":415,\"caption\":\"Lechuzas Celestes\"},\"image\":{\"@id\":\"https:\/\/lechuzascelestes.com\/#\/schema\/logo\/image\/\"}}]}<\/script>\n<!-- \/ Yoast SEO plugin. -->","yoast_head_json":{"title":"Contacto - Lechuzas Celestes","robots":{"index":"index","follow":"follow","max-snippet":"max-snippet:-1","max-image-preview":"max-image-preview:large","max-video-preview":"max-video-preview:-1"},"canonical":"https:\/\/lechuzascelestes.com\/?page_id=23","og_locale":"gl_ES","og_type":"article","og_title":"Contacto - Lechuzas Celestes","og_description":"\ud83c\udf19 Estamos eiqu\u00ed Tes unha idea, unha d\u00fabida ou simplemente queres dicir ola que ase?En Le-Chuzas Celestes escoit\u00e1moste con \u00e1s abertas \ud83e\udd89\ud83d\udcab \ud83d\udcec Correo: lechuzascelestes@gmail.com\ud83d\udcf1 WhatsApp \/ Telegram: 657 080&hellip;","og_url":"https:\/\/lechuzascelestes.com\/?page_id=23","og_site_name":"Lechuzas Celestes","article_modified_time":"2025-06-30T16:38:08+00:00","twitter_card":"summary_large_image","twitter_misc":{"Tempo de lectura":"1 minuto"},"schema":{"@context":"https:\/\/schema.org","@graph":[{"@type":"WebPage","@id":"https:\/\/lechuzascelestes.com\/?page_id=23","url":"https:\/\/lechuzascelestes.com\/?page_id=23","name":"Contacto - Lechuzas Celestes","isPartOf":{"@id":"https:\/\/lechuzascelestes.com\/#website"},"datePublished":"2024-09-15T20:32:07+00:00","dateModified":"2025-06-30T16:38:08+00:00","breadcrumb":{"@id":"https:\/\/lechuzascelestes.com\/?page_id=23#breadcrumb"},"inLanguage":"gl-ES","potentialAction":[{"@type":"ReadAction","target":["https:\/\/lechuzascelestes.com\/?page_id=23"]}]},{"@type":"BreadcrumbList","@id":"https:\/\/lechuzascelestes.com\/?page_id=23#breadcrumb","itemListElement":[{"@type":"ListItem","position":1,"name":"Inicio","item":"https:\/\/lechuzascelestes.com\/"},{"@type":"ListItem","position":2,"name":"Contacto"}]},{"@type":"WebSite","@id":"https:\/\/lechuzascelestes.com\/#website","url":"https:\/\/lechuzascelestes.com\/","name":"Lechuzas Celestes","description":"","publisher":{"@id":"https:\/\/lechuzascelestes.com\/#organization"},"potentialAction":[{"@type":"SearchAction","target":{"@type":"EntryPoint","urlTemplate":"https:\/\/lechuzascelestes.com\/?s={search_term_string}"},"query-input":{"@type":"PropertyValueSpecification","valueRequired":true,"valueName":"search_term_string"}}],"inLanguage":"gl-ES"},{"@type":"Organization","@id":"https:\/\/lechuzascelestes.com\/#organization","name":"Lechuzas Celestes","url":"https:\/\/lechuzascelestes.com\/","logo":{"@type":"ImageObject","inLanguage":"gl-ES","@id":"https:\/\/lechuzascelestes.com\/#\/schema\/logo\/image\/","url":"https:\/\/lechuzascelestes.com\/wp-content\/uploads\/2024\/10\/cropped-logo.png","contentUrl":"https:\/\/lechuzascelestes.com\/wp-content\/uploads\/2024\/10\/cropped-logo.png","width":2071,"height":415,"caption":"Lechuzas Celestes"},"image":{"@id":"https:\/\/lechuzascelestes.com\/#\/schema\/logo\/image\/"}}]}},"jetpack_sharing_enabled":true,"_links":{"self":[{"href":"https:\/\/lechuzascelestes.com\/index.php?rest_route=\/wp\/v2\/pages\/23","targetHints":{"allow":["GET"]}}],"collection":[{"href":"https:\/\/lechuzascelestes.com\/index.php?rest_route=\/wp\/v2\/pages"}],"about":[{"href":"https:\/\/lechuzascelestes.com\/index.php?rest_route=\/wp\/v2\/types\/page"}],"author":[{"embeddable":true,"href":"https:\/\/lechuzascelestes.com\/index.php?rest_route=\/wp\/v2\/users\/1"}],"replies":[{"embeddable":true,"href":"https:\/\/lechuzascelestes.com\/index.php?rest_route=%2Fwp%2Fv2%2Fcomments&post=23"}],"version-history":[{"count":10,"href":"https:\/\/lechuzascelestes.com\/index.php?rest_route=\/wp\/v2\/pages\/23\/revisions"}],"predecessor-version":[{"id":313,"href":"https:\/\/lechuzascelestes.com\/index.php?rest_route=\/wp\/v2\/pages\/23\/revisions\/313"}],"wp:attachment":[{"href":"https:\/\/lechuzascelestes.com\/index.php?rest_route=%2Fwp%2Fv2%2Fmedia&parent=23"}],"curies":[{"name":"wp","href":"https:\/\/api.w.org\/{rel}","templated":true}]}}